{"id":516,"date":"2020-11-16T17:33:32","date_gmt":"2020-11-16T16:33:32","guid":{"rendered":"http:\/\/jfv-petersberg.de\/?page_id=516"},"modified":"2020-11-16T17:33:33","modified_gmt":"2020-11-16T16:33:33","slug":"sportliches-konzept","status":"publish","type":"page","link":"http:\/\/jfv-petersberg.de\/index.php\/sportliches-konzept\/","title":{"rendered":"Sportliches Konzept"},"content":{"rendered":"\n<div class=\"wp-block-file\"><a href=\"http:\/\/jfv-petersberg.de\/wp-content\/uploads\/2020\/11\/Sportliches-Konzept-des-JFV-Gem.-Petersberg-Fulda.pdf\">Sportliches Konzept des JFV Gem. Petersberg-Fulda<\/a><a href=\"http:\/\/jfv-petersberg.de\/wp-content\/uploads\/2020\/11\/Sportliches-Konzept-des-JFV-Gem.-Petersberg-Fulda.pdf\" class=\"wp-block-file__button\" download>Herunterladen<\/a><\/div>\n\n\n\n<p>Dieses sportliche Konzept wurde aufgrund des Zusammenschlusses der beiden F\u00f6rdervereine JFV Gemeinde Petersberg und des JFV Fulda entwickelt.<\/p>\n<p>Wir verstehen es als einen ersten Schritt. Wie nachstehend erl\u00e4utert, wird das Konzept einer fortw\u00e4hrenden \u00dcberpr\u00fcfung und Weiterentwicklung, unter Ber\u00fccksichtigung der gesellschaftlichen und vereinsinternen Entwicklung, unterworfen sein.<\/p>\n<p>Es ist mit dem Ziel aufgesetzt worden eine nachhaltige Verbesserung des Jugendfu\u00dfballs zu erreichen. Sie beinhaltet neben konkreten Zielsetzungen auch eine Umstrukturierung der Verantwortungsbereiche.<\/p>\n<p>Wichtigster Aspekt ist allerdings die Schaffung verbindlicher Grunds\u00e4tze und Anforderungen f\u00fcr die Fu\u00dfballausbildung und Pers\u00f6nlichkeitsentwicklung der Kinder bzw. Jugendlichen.<\/p>\n<p>Um eine stetige Verbesserung und eine klare Ausrichtung des Jugendfu\u00dfballs zu gestalten ist es vorgesehen die Ziele im Rahmen des neuen Konzepts bis zum Jahre 2024 umzusetzen. Danach werden in einem vierj\u00e4hrigen Turnus neue Zielvereinbarungen geschaffen.<\/p>\n<p>Das sportliche Konzept stellt somit einen Leitfaden f\u00fcr die Akteure im Bereich des Jugendfu\u00dfballs dar und bildet einen organisatorischen und sportlichen Rahmen f\u00fcr die Arbeit im Jugendfu\u00dfball. Es legt die Ziele, die wir uns im Bereich des Jugendfu\u00dfballs gesetzt haben dar und gibt Einsicht in die Struktur und den Aufbau der Jugendabteilung des JFV Gemeinde Petersberg &#8211; Fulda.<\/p>\n","protected":false},"excerpt":{"rendered":"<p>Dieses sportliche Konzept wurde aufgrund des Zusammenschlusses der beiden F\u00f6rdervereine JFV Gemeinde Petersberg und des JFV Fulda entwickelt. Wir verstehen es als einen ersten Schritt. Wie nachstehend erl\u00e4utert, wird das Konzept einer fortw\u00e4hrenden \u00dcberpr\u00fcfung und Weiterentwicklung, unter Ber\u00fccksichtigung der gesellschaftlichen<\/p>\n","protected":false},"author":666667,"featured_media":0,"parent":0,"menu_order":0,"comment_status":"closed","ping_status":"closed","template":"","meta":{"footnotes":""},"class_list":["post-516","page","type-page","status-publish","hentry"],"_links":{"self":[{"href":"http:\/\/jfv-petersberg.de\/index.php\/wp-json\/wp\/v2\/pages\/516","targetHints":{"allow":["GET"]}}],"collection":[{"href":"http:\/\/jfv-petersberg.de\/index.php\/wp-json\/wp\/v2\/pages"}],"about":[{"href":"http:\/\/jfv-petersberg.de\/index.php\/wp-json\/wp\/v2\/types\/page"}],"author":[{"embeddable":true,"href":"http:\/\/jfv-petersberg.de\/index.php\/wp-json\/wp\/v2\/users\/666667"}],"replies":[{"embeddable":true,"href":"http:\/\/jfv-petersberg.de\/index.php\/wp-json\/wp\/v2\/comments?post=516"}],"version-history":[{"count":0,"href":"http:\/\/jfv-petersberg.de\/index.php\/wp-json\/wp\/v2\/pages\/516\/revisions"}],"wp:attachment":[{"href":"http:\/\/jfv-petersberg.de\/index.php\/wp-json\/wp\/v2\/media?parent=516"}],"curies":[{"name":"wp","href":"https:\/\/api.w.org\/{rel}","templated":true}]}}